{"id":66,"date":"2025-08-22T11:03:20","date_gmt":"2025-08-22T09:03:20","guid":{"rendered":"https:\/\/workdone.works\/?page_id=66"},"modified":"2025-08-25T14:48:11","modified_gmt":"2025-08-25T13:48:11","slug":"impressum","status":"publish","type":"page","link":"https:\/\/workdone.works\/impressum\/","title":{"rendered":"Impressum"},"content":{"rendered":"<section class=\"l-section wpb_row height_custom\"><div class=\"l-section-h i-cf\"><div class=\"g-cols vc_row via_grid cols_1 laptops-cols_inherit tablets-cols_inherit mobiles-cols_1 valign_top type_default stacking_default\"><div class=\"wpb_column vc_column_container\"><div class=\"vc_column-inner\"><div class=\"wpb_text_column\"><div class=\"wpb_wrapper\"><h1><strong>Impressum<\/strong><\/h1>\n<p><strong>Allgemeine Informationspflicht<\/strong><\/p>\n<p>Herausgeber<\/p>\n<p><span>WorkDone.Works S.L.<\/span><br \/>\n<span>Avenida El Puente, 29, Local 16<\/span><br \/>\n<span>38700 Santa Cruz de La Palma<\/span><br \/>\n<span>Kanarische Inseln, Spanien<\/span><br \/>\nNIF: B75778423<\/p>\n<p>E-Mail: support@workdone.works<br \/>\nEintragungsort: Spanien, Santa Cruz de la Palma<br \/>\nRegistro Mercantil: Santa Cruz de La Palma, Hoja Social 3705<\/p>\n<p><strong>Haftungsbeschr\u00e4nkung<\/strong><br \/>\nDie Inhalte dieser Website werden mit gr\u00f6\u00dftm\u00f6glicher Sorgfalt erstellt. Der Anbieter \u00fcbernimmt jedoch keine Gew\u00e4hr f\u00fcr die Richtigkeit, Vollst\u00e4ndigkeit und Aktualit\u00e4t der bereitgestellten Inhalte. Die Nutzung der Inhalte der Website erfolgt auf eigene Gefahr des Nutzers. Namentlich gekennzeichnete Beitr\u00e4ge geben die Meinung des jeweiligen Autors und nicht immer die Meinung des Anbieters wieder. Mit der reinen Nutzung der Website des Anbieters kommt keinerlei Vertragsverh\u00e4ltnis zwischen dem Nutzer und dem Anbieter zustande.<\/p>\n<p>Verantwortlich f\u00fcr den Inhalt dieser Website (Responsable del contenido de esta p\u00e1gina web):<\/p>\n<p><span>WorkDone.Works S.L.<\/span><br \/>\n<span>Avenida El Puente, 29, Local 16<\/span><br \/>\n<span>38700 Santa Cruz de la Palma<\/span><br \/>\n<span>Kanarische Inseln, Spanien<\/span><\/p>\n<p><strong>Externe Links<\/strong><br \/>\nDiese Website enth\u00e4lt Verkn\u00fcpfungen zu Websites Dritter (\u201eexterne Links\u201c). Diese Websites unterliegen der Haftung der jeweiligen Betreiber. Der Anbieter hat bei der erstmaligen Verkn\u00fcpfung der externen Links die fremden Inhalte daraufhin \u00fcberpr\u00fcft, ob etwaige Rechtsverst\u00f6\u00dfe bestehen. Zu dem Zeitpunkt waren keine Rechtsverst\u00f6\u00dfe ersichtlich. Der Anbieter hat keinerlei Einfluss auf die aktuelle und zuk\u00fcnftige Gestaltung und auf die Inhalte der verkn\u00fcpften Seiten. Das Setzen von externen Links bedeutet nicht, dass sich der Anbieter die hinter dem Verweis oder Link liegenden Inhalte zu Eigen macht. Eine st\u00e4ndige Kontrolle der externen Links ist f\u00fcr den Anbieter ohne konkrete Hinweise auf Rechtsverst\u00f6\u00dfe nicht zumutbar. Bei Kenntnis von Rechtsverst\u00f6\u00dfen werden jedoch derartige externe Links unverz\u00fcglich gel\u00f6scht.<\/p>\n<p><strong>Rechtliche Hinweise<\/strong><br \/>\nDie Workdone.Works S.L bietet keine direkte Rechts-, Steuer- oder Anlageberatung an. F\u00fcr diese Leistungen kooperieren wir mit qualifizierten externen Beratungsdienstleister:innen, die diese eigenverantwortlich erbringen und deren T\u00e4tigkeit rechtlich gepr\u00fcft und zugelassen ist.<\/p>\n<p><strong>Urheber- und Leistungsschutzrechte<\/strong><br \/>\nDie auf dieser Website ver\u00f6ffentlichten Inhalte unterliegen dem spanischen Urheberrecht (Ley de Propiedad Intelectual) sowie, soweit anwendbar, internationalen urheberrechtlichen Regelungen. Jede Verwertung, die nicht ausdr\u00fccklich gesetzlich erlaubt ist, bedarf der vorherigen schriftlichen Zustimmung von WorkDone.Works S.L. oder des jeweiligen Rechteinhabers. Dies gilt insbesondere f\u00fcr Vervielf\u00e4ltigung, Bearbeitung, \u00dcbersetzung, Speicherung, Verarbeitung sowie Wiedergabe von Inhalten in Datenbanken oder anderen elektronischen Medien und Systemen. Die unerlaubte Vervielf\u00e4ltigung oder Weitergabe einzelner Inhalte oder kompletter Seiten ist nicht gestattet und kann zivil- oder strafrechtliche Konsequenzen nach sich ziehen. Kopien und Downloads d\u00fcrfen ausschlie\u00dflich f\u00fcr den pers\u00f6nlichen, privaten und nicht kommerziellen Gebrauch erstellt werden. Die Darstellung dieser Website in fremden Frames oder durch \u00e4hnliche Verfahren ist nur mit vorheriger schriftlicher Zustimmung von WorkDone.Works S.L. zul\u00e4ssig.<\/p>\n<p><strong>Quellen Angaben<\/strong><br \/>\nhttps:\/\/www.freepik.com\/<br \/>\nhttps:\/\/www.canva.com\/<\/p>\n<p><strong>Besondere Nutzungsbedingungen<\/strong><br \/>\nSoweit besondere Bedingungen f\u00fcr einzelne Nutzungen dieser Website von den vorgenannten Paragraphen abweichen, wird an entsprechender Stelle ausdr\u00fccklich darauf hingewiesen. In diesem Falle gelten im jeweiligen Einzelfall die besonderen Nutzungsbedingungen.<\/p>\n<p><strong>Beschwerdeverfahren<\/strong><br \/>\nOnline-Streitbeilegung gem\u00e4\u00df Art. 14 Abs. 1 ODR-VO: Die Europ\u00e4ische Kommission stellt eine Plattform zur Online-Streitbeilegung (OS) bereit, die Sie unter http:\/\/ec.europa.eu\/consumers\/odr\/ finden.<\/p>\n<p><strong>Datenschutzerkl\u00e4rung<\/strong><br \/>\nDer Besuch unserer Webseite bDie Nutzung unserer Website setzt die vollst\u00e4ndige Zustimmung zu unserer <a href=\"https:\/\/workdone.works\/datenschutzerklaerung\/\" target=\"_blank\" rel=\"noopener\">Datenschutzerkl\u00e4rung<\/a> voraus, die im Einklang mit der EU-Datenschutz-Grundverordnung (DSGVO) sowie der spanischen Datenschutzgesetzgebung (LOPDGDD, Ley Org\u00e1nica 3\/2018).<\/p>\n<\/div><\/div><\/div><\/div><\/div><\/div><\/section>\n","protected":false},"excerpt":{"rendered":"Impressum Allgemeine Informationspflicht Herausgeber WorkDone.Works S.L. Avenida El Puente, 29, Local 16 38700 Santa Cruz de La Palma Kanarische Inseln, Spanien NIF: B75778423 E-Mail: support@workdone.works Eintragungsort: Spanien, Santa Cruz de la Palma Registro Mercantil: Santa Cruz de La Palma, Hoja Social 3705 Haftungsbeschr\u00e4nkung Die Inhalte dieser Website werden mit gr\u00f6\u00dftm\u00f6glicher Sorgfalt erstellt. Der Anbieter \u00fcbernimmt...","protected":false},"author":1,"featured_media":0,"parent":0,"menu_order":0,"comment_status":"closed","ping_status":"closed","template":"","meta":{"_acf_changed":false,"inline_featured_image":false,"footnotes":""},"class_list":["post-66","page","type-page","status-publish","hentry"],"yoast_head":"<!-- This site is optimized with the Yoast SEO plugin v26.1.1 - https:\/\/yoast.com\/wordpress\/plugins\/seo\/ -->\n<title>Impressum - WorkDone.Works Ruhestandsberatung<\/title>\n<meta name=\"robots\" content=\"noindex, follow\" \/>\n<meta property=\"og:locale\" content=\"de_DE\" \/>\n<meta property=\"og:type\" content=\"article\" \/>\n<meta property=\"og:title\" content=\"Impressum - WorkDone.Works Ruhestandsberatung\" \/>\n<meta property=\"og:url\" content=\"https:\/\/workdone.works\/impressum\/\" \/>\n<meta property=\"og:site_name\" content=\"WorkDone.Works Ruhestandsberatung\" \/>\n<meta property=\"article:modified_time\" content=\"2025-08-25T13:48:11+00:00\" \/>\n<meta name=\"twitter:card\" content=\"summary_large_image\" \/>\n<meta name=\"twitter:label1\" content=\"Gesch\u00e4tzte Lesezeit\" \/>\n\t<meta name=\"twitter:data1\" content=\"3\u00a0Minuten\" \/>\n<script type=\"application\/ld+json\" class=\"yoast-schema-graph\">{\"@context\":\"https:\/\/schema.org\",\"@graph\":[{\"@type\":\"WebPage\",\"@id\":\"https:\/\/workdone.works\/impressum\/\",\"url\":\"https:\/\/workdone.works\/impressum\/\",\"name\":\"Impressum - WorkDone.Works Ruhestandsberatung\",\"isPartOf\":{\"@id\":\"https:\/\/workdone.works\/#website\"},\"datePublished\":\"2025-08-22T09:03:20+00:00\",\"dateModified\":\"2025-08-25T13:48:11+00:00\",\"breadcrumb\":{\"@id\":\"https:\/\/workdone.works\/impressum\/#breadcrumb\"},\"inLanguage\":\"de\",\"potentialAction\":[{\"@type\":\"ReadAction\",\"target\":[\"https:\/\/workdone.works\/impressum\/\"]}]},{\"@type\":\"BreadcrumbList\",\"@id\":\"https:\/\/workdone.works\/impressum\/#breadcrumb\",\"itemListElement\":[{\"@type\":\"ListItem\",\"position\":1,\"name\":\"Home page\",\"item\":\"https:\/\/workdone.works\/\"},{\"@type\":\"ListItem\",\"position\":2,\"name\":\"Impressum\"}]},{\"@type\":\"WebSite\",\"@id\":\"https:\/\/workdone.works\/#website\",\"url\":\"https:\/\/workdone.works\/\",\"name\":\"WorkDone.Works Ruhestandsberatung\",\"description\":\"Ruhestandsvorbereitung als Mitarbeiterbenefit!\",\"publisher\":{\"@id\":\"https:\/\/workdone.works\/#organization\"},\"potentialAction\":[{\"@type\":\"SearchAction\",\"target\":{\"@type\":\"EntryPoint\",\"urlTemplate\":\"https:\/\/workdone.works\/?s={search_term_string}\"},\"query-input\":{\"@type\":\"PropertyValueSpecification\",\"valueRequired\":true,\"valueName\":\"search_term_string\"}}],\"inLanguage\":\"de\"},{\"@type\":\"Organization\",\"@id\":\"https:\/\/workdone.works\/#organization\",\"name\":\"WorkDone.Works Ruhestandsberatung\",\"url\":\"https:\/\/workdone.works\/\",\"logo\":{\"@type\":\"ImageObject\",\"inLanguage\":\"de\",\"@id\":\"https:\/\/workdone.works\/#\/schema\/logo\/image\/\",\"url\":\"https:\/\/workdone.works\/wp-content\/uploads\/2025\/02\/WorkDone.Works_Hauptlogo_Farbe.svg\",\"contentUrl\":\"https:\/\/workdone.works\/wp-content\/uploads\/2025\/02\/WorkDone.Works_Hauptlogo_Farbe.svg\",\"width\":\"1024\",\"height\":\"1024\",\"caption\":\"WorkDone.Works Ruhestandsberatung\"},\"image\":{\"@id\":\"https:\/\/workdone.works\/#\/schema\/logo\/image\/\"}}]}<\/script>\n<!-- \/ Yoast SEO plugin. -->","yoast_head_json":{"title":"Impressum - WorkDone.Works Ruhestandsberatung","robots":{"index":"noindex","follow":"follow"},"og_locale":"de_DE","og_type":"article","og_title":"Impressum - WorkDone.Works Ruhestandsberatung","og_url":"https:\/\/workdone.works\/impressum\/","og_site_name":"WorkDone.Works Ruhestandsberatung","article_modified_time":"2025-08-25T13:48:11+00:00","twitter_card":"summary_large_image","twitter_misc":{"Gesch\u00e4tzte Lesezeit":"3\u00a0Minuten"},"schema":{"@context":"https:\/\/schema.org","@graph":[{"@type":"WebPage","@id":"https:\/\/workdone.works\/impressum\/","url":"https:\/\/workdone.works\/impressum\/","name":"Impressum - WorkDone.Works Ruhestandsberatung","isPartOf":{"@id":"https:\/\/workdone.works\/#website"},"datePublished":"2025-08-22T09:03:20+00:00","dateModified":"2025-08-25T13:48:11+00:00","breadcrumb":{"@id":"https:\/\/workdone.works\/impressum\/#breadcrumb"},"inLanguage":"de","potentialAction":[{"@type":"ReadAction","target":["https:\/\/workdone.works\/impressum\/"]}]},{"@type":"BreadcrumbList","@id":"https:\/\/workdone.works\/impressum\/#breadcrumb","itemListElement":[{"@type":"ListItem","position":1,"name":"Home page","item":"https:\/\/workdone.works\/"},{"@type":"ListItem","position":2,"name":"Impressum"}]},{"@type":"WebSite","@id":"https:\/\/workdone.works\/#website","url":"https:\/\/workdone.works\/","name":"WorkDone.Works Ruhestandsberatung","description":"Ruhestandsvorbereitung als Mitarbeiterbenefit!","publisher":{"@id":"https:\/\/workdone.works\/#organization"},"potentialAction":[{"@type":"SearchAction","target":{"@type":"EntryPoint","urlTemplate":"https:\/\/workdone.works\/?s={search_term_string}"},"query-input":{"@type":"PropertyValueSpecification","valueRequired":true,"valueName":"search_term_string"}}],"inLanguage":"de"},{"@type":"Organization","@id":"https:\/\/workdone.works\/#organization","name":"WorkDone.Works Ruhestandsberatung","url":"https:\/\/workdone.works\/","logo":{"@type":"ImageObject","inLanguage":"de","@id":"https:\/\/workdone.works\/#\/schema\/logo\/image\/","url":"https:\/\/workdone.works\/wp-content\/uploads\/2025\/02\/WorkDone.Works_Hauptlogo_Farbe.svg","contentUrl":"https:\/\/workdone.works\/wp-content\/uploads\/2025\/02\/WorkDone.Works_Hauptlogo_Farbe.svg","width":"1024","height":"1024","caption":"WorkDone.Works Ruhestandsberatung"},"image":{"@id":"https:\/\/workdone.works\/#\/schema\/logo\/image\/"}}]}},"acf":[],"_links":{"self":[{"href":"https:\/\/workdone.works\/wp-json\/wp\/v2\/pages\/66","targetHints":{"allow":["GET"]}}],"collection":[{"href":"https:\/\/workdone.works\/wp-json\/wp\/v2\/pages"}],"about":[{"href":"https:\/\/workdone.works\/wp-json\/wp\/v2\/types\/page"}],"author":[{"embeddable":true,"href":"https:\/\/workdone.works\/wp-json\/wp\/v2\/users\/1"}],"replies":[{"embeddable":true,"href":"https:\/\/workdone.works\/wp-json\/wp\/v2\/comments?post=66"}],"version-history":[{"count":19,"href":"https:\/\/workdone.works\/wp-json\/wp\/v2\/pages\/66\/revisions"}],"predecessor-version":[{"id":370,"href":"https:\/\/workdone.works\/wp-json\/wp\/v2\/pages\/66\/revisions\/370"}],"wp:attachment":[{"href":"https:\/\/workdone.works\/wp-json\/wp\/v2\/media?parent=66"}],"curies":[{"name":"wp","href":"https:\/\/api.w.org\/{rel}","templated":true}]}}