{"id":364,"date":"2015-04-21T08:37:13","date_gmt":"2015-04-21T05:37:13","guid":{"rendered":"https:\/\/fi.wordpress.org\/?page_id=364"},"modified":"2019-11-18T11:45:43","modified_gmt":"2019-11-18T11:45:43","slug":"chat","status":"publish","type":"page","link":"https:\/\/fi.wordpress.org\/chat\/","title":{"rendered":"Chat"},"content":{"rendered":"<p>WordPress Finland -slack-yhteis\u00f6 on kasvanut tasaisesti ja j\u00e4seni\u00e4 on jo yli 1 000 Suomen jokaisesta kolkasta. Keskustelu on hyvin aktiivista p\u00e4ivitt\u00e4in.<\/p>\n<p>Yhteis\u00f6 tarjoaa erinomaisen paikan uusien ihmisten kohtaamiseen, apua kaikenlaisiin WordPressiin liittyviin ongelmiin sek\u00e4 tietoa tulevista tapahtumista eri puolilla Suomea.<\/p>\n<h2>Mik\u00e4 on Slack?<\/h2>\n<p><a href=\"https:\/\/slack.com\/\">Slack<\/a> tarjoaa aiheittain j\u00e4rjestettyj\u00e4 keskustelualueita sek\u00e4 yksityisi\u00e4 ryhmi\u00e4 ja mahdollisuuden l\u00e4hett\u00e4\u00e4 yksityisviestej\u00e4. Se on v\u00e4h\u00e4n kuin <a href=\"https:\/\/en.wikipedia.org\/wiki\/Internet_Relay_Chat\">IRC<\/a>, mutta p\u00e4ivitetty t\u00e4lle vuosituhannelle.<\/p>\n<p>Slack toimii niin selaimessa kuin erillisen\u00e4 sovelluksena, ja on saatavilla usealle alustalle, my\u00f6s mobiiliin. <a href=\"https:\/\/slack.com\/apps\">https:\/\/slack.com\/apps<\/a>. Jos et ole ennen k\u00e4ytt\u00e4nyt Slackia, <a href=\"https:\/\/wordpressfi.slack.com\/videoguides\/\">voit katsoa l\u00e4pi n\u00e4m\u00e4 videot<\/a> ja <a href=\"https:\/\/get.slack.help\/hc\/en-us\/categories\/200111606\">lukea perusasioista<\/a>.<\/p>\n\n\n<div class=\"wp-block-button\"><a class=\"wp-block-button__link has-background has-vivid-cyan-blue-background-color\" href=\"https:\/\/join.slack.com\/t\/wordpressfi\/shared_invite\/enQtMzMyMTIwODU0OTY3LTlkNWZkNmQxNTZhMWJiZjA4M2M0NWViMDNhMTFlNTcwNDVhOThiNGE0ZTJhYWM0YjliYTM4OWMyNjU3NzYwMTI\">Liity WordPress Finland Slack-yhteis\u00f6\u00f6n<\/a><\/div>\n\n\n\n<p class=\"wp-block-paragraph\">Jos haluat osallistua keskusteluihin kansainv\u00e4lisell\u00e4 tasolla, WordPressill\u00e4 on oma Slack-yhteis\u00f6ns\u00e4, jonka liittymisohjeet l\u00f6yd\u00e4t t\u00e4\u00e4lt\u00e4:&nbsp;<a href=\"https:\/\/make.wordpress.org\/chat\/\">https:\/\/make.wordpress.org\/chat\/<\/a><\/p>\n\n\n\n<h2 class=\"wp-block-heading\">Kanavat<\/h2>\n\n\n\n<h3 class=\"wp-block-heading\">Keskustelut #wordpress-finland \/ #in-english<\/h3>\n\n\n\n<p class=\"wp-block-paragraph\">Keskustelut ovat p\u00e4\u00e4asiassa suomeksi, mutta englanninkieliset j\u00e4senet ovat enemm\u00e4n kuin tervetulleita! Kaksi p\u00e4\u00e4kanavaa ovat #wordpress-finland ja&nbsp;#in-english.<\/p>\n\n\n\n<h3 class=\"wp-block-heading\">Devaajat #devaajat<\/h3>\n\n\n\n<p class=\"wp-block-paragraph\">Olet sitten aloittelija tai kokenut devaaja, opit v\u00e4kisinkin jotain vain seuraamalla keskustelua #devaajat-kanavalla. T\u00e4m\u00e4 kanava on t\u00e4ynn\u00e4 devaajia jakamassa koodia ja ratkaisemassa ongelmia.<\/p>\n\n\n\n<h3 class=\"wp-block-heading\">Rekry #rekry<\/h3>\n\n\n\n<p class=\"wp-block-paragraph\">Ty\u00f6paikkailmoitukset l\u00f6ytyv\u00e4t #rekry-kanavalta. Kanavalta l\u00f6ytyy RSS-integraatio, joka listaa WordPress-ammatteja kaikkialta Suomesta.<\/p>\n\n\n\n<p class=\"wp-block-paragraph\">Yritykset kirjoittavat usein my\u00f6s suoraan viestej\u00e4 kanavalle, jolloin sinulla on mahdollisuus olla suoraan yhteydess\u00e4 henkil\u00f6\u00f6n, joka voi auttaa sinua rekrytointiprosessissa.<\/p>\n\n\n\n<h3 class=\"wp-block-heading\">Meetup-ryhm\u00e4t #meetups<\/h3>\n\n\n\n<p class=\"wp-block-paragraph\">Jos haluat yhteyden ihmisiin, jotka tapasit meetupissa, voi hyvin olla ett\u00e4 l\u00f6yd\u00e4t heid\u00e4t yleiselt\u00e4 #meetups-kanavalta. Sielt\u00e4 on my\u00f6s hyv\u00e4 aloittaa jos harkitset oman miitin j\u00e4rjest\u00e4mist\u00e4. Kaikki suomalaisten meetupien j\u00e4rjest\u00e4j\u00e4t l\u00f6ytyv\u00e4t sielt\u00e4, joten voit kysy\u00e4 heilt\u00e4 neuvoa ja saada vinkkej\u00e4 joiden avulla p\u00e4\u00e4set alkuun.<\/p>\n\n\n\n<p class=\"wp-block-paragraph\">Jokaisella miitill\u00e4 on my\u00f6s oma kanavansa jossa jutellaan tulevista tapaamisista ja sovitaan ep\u00e4virallisista kokoontumisista, joista ei v\u00e4ltt\u00e4m\u00e4tt\u00e4 ole ilmoitettu Meetup.comissa:<\/p>\n\n\n\n<p class=\"wp-block-paragraph\">#meetups-helsinki \u2013 <a href=\"http:\/\/meetup.com\/WPHelsinki\/\">Helsinki<br><\/a>#meetups-jyvaskyla \u2013 <a href=\"http:\/\/meetup.com\/Jyvaskyla-WordPress-Meetup\/\">Jyv\u00e4skyl\u00e4<\/a><br>#meetups-oulu &#8211; <a href=\"http:\/\/www.meetup.com\/Oulu-WordPress-Meetup\/\">Oulu<\/a><br>#meetups-tampere \u2013 <a href=\"http:\/\/meetup.com\/Tampere-WordPress-Meetup\/\">Tampere<br><\/a>#meetups-turku \u2013 <a href=\"http:\/\/meetup.com\/Turku-WordPress-Meetup\/\">Turku<\/a><\/p>\n\n\n\n<h3 class=\"wp-block-heading\">Polyglots #kielitaiturit<\/h3>\n\n\n\n<p class=\"wp-block-paragraph\">#kielitaiturit-kanavalta l\u00f6yd\u00e4t suomenkielisen WordPress-version k\u00e4\u00e4nt\u00e4ji\u00e4 ja vastuuhenkil\u00f6it\u00e4 sek\u00e4 lis\u00e4osa- ja teemakehitt\u00e4ji\u00e4.&nbsp;Mik\u00e4li sinulla on teknisi\u00e4 kysymyksi\u00e4 teemojen tai lis\u00e4osien k\u00e4\u00e4nt\u00e4misest\u00e4 tai yksinkertaisesti haluat auttaa suomenkielisiss\u00e4 k\u00e4\u00e4nn\u00f6ksiss\u00e4 yleisesti, t\u00e4m\u00e4 kanava on oikea paikka.<\/p>\n\n\n\n<p class=\"wp-block-paragraph\">Vieraile <a href=\"https:\/\/make.wordpress.org\/chat\/\">WordPress Slack<\/a> #polyglots kanavalla, mik\u00e4li haluat osallistua muiden kielten k\u00e4\u00e4nt\u00e4miseen.<\/p>\n","protected":false},"excerpt":{"rendered":"<p>WordPress Finland -slack-yhteis\u00f6 on kasvanut tasaisesti ja j\u00e4seni\u00e4 on jo yli 1 000 Suomen jokaisesta kolkasta. Keskustelu on hyvin aktiivista p\u00e4ivitt\u00e4in. Yhteis\u00f6 tarjoaa erinomaisen paikan uusien ihmisten kohtaamiseen, apua kaikenlaisiin WordPressiin liittyviin ongelmiin sek\u00e4 tietoa tulevista tapahtumista eri puolilla Suomea. Mik\u00e4 on Slack? Slack tarjoaa aiheittain j\u00e4rjestettyj\u00e4 keskustelualueita sek\u00e4 yksityisi\u00e4 ryhmi\u00e4 ja mahdollisuuden l\u00e4hett\u00e4\u00e4 yksityisviestej\u00e4. [&hellip;]<\/p>\n","protected":false},"author":5422250,"featured_media":0,"parent":0,"menu_order":0,"comment_status":"open","ping_status":"open","template":"","meta":{"_crdt_document":"","jetpack_post_was_ever_published":false,"footnotes":""},"class_list":["post-364","page","type-page","status-publish","hentry"],"jetpack_sharing_enabled":true,"_links":{"self":[{"href":"https:\/\/fi.wordpress.org\/wp-json\/wp\/v2\/pages\/364","targetHints":{"allow":["GET"]}}],"collection":[{"href":"https:\/\/fi.wordpress.org\/wp-json\/wp\/v2\/pages"}],"about":[{"href":"https:\/\/fi.wordpress.org\/wp-json\/wp\/v2\/types\/page"}],"author":[{"embeddable":true,"href":"https:\/\/fi.wordpress.org\/wp-json\/wp\/v2\/users\/5422250"}],"replies":[{"embeddable":true,"href":"https:\/\/fi.wordpress.org\/wp-json\/wp\/v2\/comments?post=364"}],"version-history":[{"count":19,"href":"https:\/\/fi.wordpress.org\/wp-json\/wp\/v2\/pages\/364\/revisions"}],"predecessor-version":[{"id":815,"href":"https:\/\/fi.wordpress.org\/wp-json\/wp\/v2\/pages\/364\/revisions\/815"}],"wp:attachment":[{"href":"https:\/\/fi.wordpress.org\/wp-json\/wp\/v2\/media?parent=364"}],"curies":[{"name":"wp","href":"https:\/\/api.w.org\/{rel}","templated":true}]}}